{"id":6,"date":"2008-11-14T23:38:27","date_gmt":"2008-11-14T22:38:27","guid":{"rendered":"http:\/\/www.joerg-stauvermann.de\/?page_id=6"},"modified":"2026-03-17T10:13:04","modified_gmt":"2026-03-17T09:13:04","slug":"impressum","status":"publish","type":"page","link":"https:\/\/www.joerg-stauvermann.de\/impressum\/","title":{"rendered":"Impressum"},"content":{"rendered":"\n<p class=\"has-large-font-size\"><ins datetime=\"2013-03-07T13:30:32+00:00\">Yesterday was good, <\/ins><br><ins datetime=\"2013-03-07T13:30:32+00:00\">but we can more.<\/ins><br>Lothar Matth\u00e4us<\/p>\n\n\n\n<p class=\"has-large-font-size\"><ins datetime=\"2013-03-07T13:30:32+00:00\">It took me a few seconds to draw it, <\/ins><br><ins datetime=\"2013-03-07T13:30:32+00:00\">but it took me 34 years to learn <\/ins><br><ins datetime=\"2013-03-07T13:30:32+00:00\">how to draw it in a few seconds.<\/ins><br>Paula Scher<\/p>\n\n\n\n<p class=\"has-large-font-size\"><ins datetime=\"2013-03-07T13:30:32+00:00\">Was man ernst meint, <\/ins><br><ins datetime=\"2013-03-07T13:30:32+00:00\">sagt man am besten im Spa\u00df.<\/ins><br>Wilhelm Busch<\/p>\n\n\n\n<p class=\"has-large-font-size\"><ins datetime=\"2013-03-07T13:30:32+00:00\">Ihr habt ja keine Ahnung, <\/ins><br><ins datetime=\"2013-03-07T13:30:32+00:00\">wieviel es gekostet hat, <\/ins><br><ins datetime=\"2013-03-07T13:30:32+00:00\">so billig auszusehen.<\/ins><br>Dolly Parton<\/p>\n\n\n\n<p class=\"has-large-font-size\"><ins datetime=\"2013-03-07T13:30:32+00:00\">Ich h\u00e4tte viele Dinge begriffen, <\/ins><br><ins datetime=\"2013-03-07T13:30:32+00:00\">h\u00e4tte man sie mir nicht erkl\u00e4rt.<\/ins><br>Stanislaw Jerzy Lec<\/p>\n\n\n\n<p class=\"has-large-font-size\"><ins datetime=\"2013-03-07T13:30:32+00:00\">Ich w\u00fcrde mich weigern, <\/ins><br><ins datetime=\"2013-03-07T13:30:32+00:00\">einem Verein beizutreten, <\/ins><br><ins datetime=\"2013-03-07T13:30:32+00:00\">der bereit w\u00e4re, <\/ins><br><ins datetime=\"2013-03-07T13:30:32+00:00\">mich als Mitglied zu akzeptieren.<\/ins><br>Groucho Marx<\/p>\n\n\n\n<p class=\"has-large-font-size\"><ins datetime=\"2013-03-07T13:30:32+00:00\">Was spricht dagegen, <\/ins><br><ins datetime=\"2013-03-07T13:30:32+00:00\">etwas Gutes zu tun wenn keiner hinschaut?<\/ins><br>Nicole Kidman<\/p>\n\n\n\n<p class=\"has-large-font-size\"><ins datetime=\"2013-03-07T13:30:32+00:00\">Wir haben uns verlaufen, <\/ins><br><ins datetime=\"2013-03-07T13:30:32+00:00\">kommen aber gut voran.<\/ins><br>Tom DeMarco<\/p>\n\n\n\n<p class=\"has-small-font-size\">J\u00f6rg Stauvermann<br>Freier Kreativdirektor<br>Amselweg 16<br>25938 Wyk auf F\u00f6hr<br><br>Telefon: +49 4681 7471765<br>E-Mail: moinmoin@aalhai.de<br>Inhaltlich Verantwortlicher gem\u00e4\u00df \u00a7 55 Abs. 2 RStV: J\u00f6rg Stauvermann<br>(Anschrift wie oben)<br>Ust-Id: DE226804834<\/p>\n\n\n\n<p class=\"has-small-font-size\">Programmierung und Realisierung<br>Generation Digitale GmbH &amp; Co. KG<br><a href=\"http:\/\/www.generationdigitale.net\" target=\"_blank\" rel=\"noopener noreferrer\">http:\/\/www.generationdigitale.net<\/a><\/p>\n\n\n\n<p><\/p>\n\n\n\n<p class=\"has-small-font-size\">Haftungshinweis: Trotz sorgf\u00e4ltiger inhaltlicher Kontrolle \u00fcbernehmen<br>wir keine Haftung f\u00fcr die Inhalte externer Links. F\u00fcr den Inhalt der<br>verlinkten Seiten sind ausschlie\u00dflich deren Betreiber verantwortlich.<\/p>\n\n\n\n<p class=\"has-small-font-size\">Auf dieser Seite werden die Schriften &#8222;Roboto&#8220; und &#8222;Spectral&#8220; benutzt:<br>Digitized data copyright 2019, Google Corporation, Lizenz: <a rel=\"noopener noreferrer\" href=\"http:\/\/www.apache.org\/licenses\/LICENSE-2.0.html\" target=\"_blank\">Apache 2.0<\/a><\/p>\n","protected":false},"excerpt":{"rendered":"<p>Yesterday was good, but we can more.Lothar Matth\u00e4us It took me a few seconds to draw it, but it took me 34 years to learn how to draw it in a few seconds.Paula Scher Was man ernst meint, sagt man am besten im Spa\u00df.Wilhelm Busch&hellip;<\/p>\n","protected":false},"author":1,"featured_media":0,"parent":0,"menu_order":0,"comment_status":"closed","ping_status":"closed","template":"","meta":{"_acf_changed":false,"footnotes":""},"class_list":["post-6","page","type-page","status-publish","hentry"],"acf":[],"_links":{"self":[{"href":"https:\/\/www.joerg-stauvermann.de\/wp-json\/wp\/v2\/pages\/6","targetHints":{"allow":["GET"]}}],"collection":[{"href":"https:\/\/www.joerg-stauvermann.de\/wp-json\/wp\/v2\/pages"}],"about":[{"href":"https:\/\/www.joerg-stauvermann.de\/wp-json\/wp\/v2\/types\/page"}],"author":[{"embeddable":true,"href":"https:\/\/www.joerg-stauvermann.de\/wp-json\/wp\/v2\/users\/1"}],"replies":[{"embeddable":true,"href":"https:\/\/www.joerg-stauvermann.de\/wp-json\/wp\/v2\/comments?post=6"}],"version-history":[{"count":45,"href":"https:\/\/www.joerg-stauvermann.de\/wp-json\/wp\/v2\/pages\/6\/revisions"}],"predecessor-version":[{"id":10690,"href":"https:\/\/www.joerg-stauvermann.de\/wp-json\/wp\/v2\/pages\/6\/revisions\/10690"}],"wp:attachment":[{"href":"https:\/\/www.joerg-stauvermann.de\/wp-json\/wp\/v2\/media?parent=6"}],"curies":[{"name":"wp","href":"https:\/\/api.w.org\/{rel}","templated":true}]}}